{"id":560,"date":"2024-07-06T12:54:09","date_gmt":"2024-07-06T12:54:09","guid":{"rendered":"https:\/\/tabrett.ch\/?page_id=560"},"modified":"2025-11-06T11:56:18","modified_gmt":"2025-11-06T11:56:18","slug":"floor-stand-for-tablets-ipads-e-book-readers","status":"publish","type":"page","link":"https:\/\/tabrett.ch\/de\/floor-stand-for-tablets-ipads-e-book-readers\/","title":{"rendered":"Bodenst\u00e4nder mit Beistelltisch f\u00fcr Tablets, Smartphones und E-Book-Readers"},"content":{"rendered":"<div class=\"wp-block-stackable-video-popup stk-block-video-popup stk-block stk-5089749\" data-video=\"https:\/\/tabrett.ch\/wp-content\/uploads\/2025\/10\/FloorstandLaptop_rev_Oct25-1.mp4\" data-block-id=\"5089749\"><div class=\"stk-block-video-popup__overlay stk-row stk-inner-blocks stk-block-content stk-hover-parent\" aria-label=\"Play Video\" tabindex=\"0\" role=\"button\">\n<div class=\"wp-block-stackable-icon stk-block-icon has-text-align-center stk-block stk-a4a33c0\" data-block-id=\"a4a33c0\"><style>.stk-a4a33c0 .stk--svg-wrapper .stk--inner-svg svg:last-child{height:100px !important;width:100px !important;}.stk-a4a33c0 .stk--svg-wrapper .stk--inner-svg svg:last-child, .stk-a4a33c0 .stk--svg-wrapper .stk--inner-svg svg:last-child :is(g, path, rect, polygon, ellipse){fill:var(--theme-palette-color-1, #fd5a37) !important;}<\/style><span class=\"stk--svg-wrapper\"><div class=\"stk--inner-svg\"><svg style=\"height:0;width:0\"><defs><lineargradient id=\"linear-gradient-a4a33c0\" x1=\"0\" x2=\"100%\" y1=\"0\" y2=\"0\"><stop offset=\"0%\" style=\"stop-opacity:1;stop-color:var(--linear-gradient-a-4-a-33-c-0-color-1)\"><\/stop><stop offset=\"100%\" style=\"stop-opacity:1;stop-color:var(--linear-gradient-a-4-a-33-c-0-color-2)\"><\/stop><\/lineargradient><\/defs><\/svg><svg xmlns=\"http:\/\/www.w3.org\/2000\/svg\" viewbox=\"0 0 512 512\" aria-hidden=\"true\" width=\"32\" height=\"32\"><path d=\"M464 256A208 208 0 1 0 48 256a208 208 0 1 0 416 0zM0 256a256 256 0 1 1 512 0A256 256 0 1 1 0 256zM188.3 147.1c7.6-4.2 16.8-4.1 24.3 .5l144 88c7.1 4.4 11.5 12.1 11.5 20.5s-4.4 16.1-11.5 20.5l-144 88c-7.4 4.5-16.7 4.7-24.3 .5s-12.3-12.2-12.3-20.9V168c0-8.7 4.7-16.7 12.3-20.9z\"><\/path><\/svg><\/div><\/span><\/div>\n\n\n\n<div class=\"wp-block-stackable-image stk-block-image stk-block stk-57f2d6e\" data-block-id=\"57f2d6e\"><style>.stk-57f2d6e .stk-img-wrapper{aspect-ratio:3\/2 !important;height:auto !important;}.stk-57f2d6e .stk-img-wrapper img{transform:scale(1) !important;border-radius:6px !important;}@media screen and (max-width:999px){.stk-57f2d6e .stk-img-wrapper{height:auto !important;}}@media screen and (max-width:689px){.stk-57f2d6e .stk-img-wrapper{height:auto !important;}}<\/style><figure><span class=\"stk-img-wrapper stk-image--shape-stretch\"><img loading=\"lazy\" decoding=\"async\" class=\"stk-img wp-image-1244\" src=\"https:\/\/tabrett.ch\/wp-content\/uploads\/2025\/07\/DSC05368_crop-scaled.jpg\" width=\"2560\" height=\"2048\" srcset=\"https:\/\/tabrett.ch\/wp-content\/uploads\/2025\/07\/DSC05368_crop-scaled.jpg 2560w, https:\/\/tabrett.ch\/wp-content\/uploads\/2025\/07\/DSC05368_crop-300x240.jpg 300w, https:\/\/tabrett.ch\/wp-content\/uploads\/2025\/07\/DSC05368_crop-1024x819.jpg 1024w, https:\/\/tabrett.ch\/wp-content\/uploads\/2025\/07\/DSC05368_crop-768x615.jpg 768w, https:\/\/tabrett.ch\/wp-content\/uploads\/2025\/07\/DSC05368_crop-1536x1229.jpg 1536w, https:\/\/tabrett.ch\/wp-content\/uploads\/2025\/07\/DSC05368_crop-2048x1639.jpg 2048w, https:\/\/tabrett.ch\/wp-content\/uploads\/2025\/07\/DSC05368_crop-15x12.jpg 15w\" sizes=\"auto, (max-width: 2560px) 100vw, 2560px\" \/><\/span><\/figure><\/div>\n<\/div><\/div>\n\n\n\n<p>Dieser Bodenst\u00e4nder ist sowohl Tablet-Halter als auch Beistelltisch! Du kannst dein Tablet, E-Book-Reader oder das Mobiltelefon damit bequem im Sitzen oder Liegen verwenden, auf einem Liegestuhl, im Bett oder auf dem Sofa. Und der Beistelltisch erf\u00fcllt dabei genau den Zweck, f\u00fcr den Beistelltische gedacht sind: er ist eine praktische Ablagefl\u00e4che f\u00fcr Gegenst\u00e4nde, die man in Reichweite haben m\u00f6chte, eine Tasse, das Handy oder ein Schreibzeug etc.!<br><br>Die Halteplatte f\u00fcr das mobile Ger\u00e4t gibt es in zwei Gr\u00f6ssen: <br>Die <strong>standard Version<\/strong> ist f\u00fcr <em>kleine bis normal<\/em> grosse Ger\u00e4te bis ca. 11\", inklusive iPad Pro 11\". <br>Die <strong>grosse Version<\/strong> ist f\u00fcr&nbsp;<em>klein bis sehr grosse<\/em>&nbsp;Ger\u00e4te bis ca. 13\", inklusive das neuste iPad Pro 13\". <br>(F\u00fcr Tablets gr\u00f6sser als 13\" oder f\u00fcr Laptops, siehe <a href=\"https:\/\/tabrett.ch\/de\/unique-floor-stand-for-tablets-ipads-and-laptops-that-combines-tablet-holder-and-side-table\/\">hier<\/a>.)<\/p>\n\n\n\n<p>Der Bodenst\u00e4nder kann in vielen Situationen zuhause sowie in Krankh\u00e4usern und Pflegeheimen verwendet werden.<\/p>\n\n\n\n<figure class=\"wp-block-gallery has-nested-images columns-2 is-cropped wp-block-gallery-1 is-layout-flex wp-block-gallery-is-layout-flex\">\n<figure class=\"wp-block-image size-large has-custom-border is-style-rounded\"><a href=\"https:\/\/tabrett.ch\/wp-content\/uploads\/2024\/07\/lyingOnSofaTabrett_sq_noLogo.png\"><img loading=\"lazy\" decoding=\"async\" width=\"1024\" height=\"1024\" data-id=\"1476\" src=\"https:\/\/tabrett.ch\/wp-content\/uploads\/2025\/11\/3-6-1024x1024.jpg\" alt=\"\" class=\"wp-image-1476\" style=\"border-radius:1px\" srcset=\"https:\/\/tabrett.ch\/wp-content\/uploads\/2025\/11\/3-6-1024x1024.jpg 1024w, https:\/\/tabrett.ch\/wp-content\/uploads\/2025\/11\/3-6-300x300.jpg 300w, https:\/\/tabrett.ch\/wp-content\/uploads\/2025\/11\/3-6-150x150.jpg 150w, https:\/\/tabrett.ch\/wp-content\/uploads\/2025\/11\/3-6-768x768.jpg 768w, https:\/\/tabrett.ch\/wp-content\/uploads\/2025\/11\/3-6-1536x1536.jpg 1536w, https:\/\/tabrett.ch\/wp-content\/uploads\/2025\/11\/3-6-2048x2048.jpg 2048w, https:\/\/tabrett.ch\/wp-content\/uploads\/2025\/11\/3-6-12x12.jpg 12w\" sizes=\"auto, (max-width: 1024px) 100vw, 1024px\" \/><\/a><figcaption class=\"wp-element-caption translation-block\"><strong>Zuhause bequem auf dem Sofa<\/strong><\/figcaption><\/figure>\n\n\n\n<figure class=\"wp-block-image size-large has-custom-border is-style-rounded\"><a href=\"https:\/\/tabrett.ch\/wp-content\/uploads\/2024\/07\/hospital_sq-scaled.jpg\"><img loading=\"lazy\" decoding=\"async\" width=\"1024\" height=\"1024\" data-id=\"1479\" src=\"https:\/\/tabrett.ch\/wp-content\/uploads\/2025\/11\/5-3-1024x1024.jpg\" alt=\"\" class=\"wp-image-1479\" style=\"border-radius:1px\" srcset=\"https:\/\/tabrett.ch\/wp-content\/uploads\/2025\/11\/5-3-1024x1024.jpg 1024w, https:\/\/tabrett.ch\/wp-content\/uploads\/2025\/11\/5-3-300x300.jpg 300w, https:\/\/tabrett.ch\/wp-content\/uploads\/2025\/11\/5-3-150x150.jpg 150w, https:\/\/tabrett.ch\/wp-content\/uploads\/2025\/11\/5-3-768x768.jpg 768w, https:\/\/tabrett.ch\/wp-content\/uploads\/2025\/11\/5-3-1536x1536.jpg 1536w, https:\/\/tabrett.ch\/wp-content\/uploads\/2025\/11\/5-3-2048x2048.jpg 2048w, https:\/\/tabrett.ch\/wp-content\/uploads\/2025\/11\/5-3-12x12.jpg 12w\" sizes=\"auto, (max-width: 1024px) 100vw, 1024px\" \/><\/a><figcaption class=\"wp-element-caption\"><strong>Im Spital oder im Heim, wenn man auf dem R\u00fccken liegen muss <\/strong><\/figcaption><\/figure>\n\n\n\n<figure class=\"wp-block-image size-large has-custom-border is-style-rounded\"><a href=\"https:\/\/tabrett.ch\/wp-content\/uploads\/2024\/07\/bedroom_sq-scaled.jpg\"><img loading=\"lazy\" decoding=\"async\" width=\"1024\" height=\"1024\" data-id=\"1480\" src=\"https:\/\/tabrett.ch\/wp-content\/uploads\/2025\/11\/4-6-1024x1024.jpg\" alt=\"\" class=\"wp-image-1480\" style=\"border-radius:1px\" srcset=\"https:\/\/tabrett.ch\/wp-content\/uploads\/2025\/11\/4-6-1024x1024.jpg 1024w, https:\/\/tabrett.ch\/wp-content\/uploads\/2025\/11\/4-6-300x300.jpg 300w, https:\/\/tabrett.ch\/wp-content\/uploads\/2025\/11\/4-6-150x150.jpg 150w, https:\/\/tabrett.ch\/wp-content\/uploads\/2025\/11\/4-6-768x768.jpg 768w, https:\/\/tabrett.ch\/wp-content\/uploads\/2025\/11\/4-6-1536x1536.jpg 1536w, https:\/\/tabrett.ch\/wp-content\/uploads\/2025\/11\/4-6-2048x2048.jpg 2048w, https:\/\/tabrett.ch\/wp-content\/uploads\/2025\/11\/4-6-12x12.jpg 12w\" sizes=\"auto, (max-width: 1024px) 100vw, 1024px\" \/><\/a><figcaption class=\"wp-element-caption translation-block\"><strong>Im Bett lesen oder einen Film schauen<\/strong><\/figcaption><\/figure>\n\n\n\n<figure class=\"wp-block-image size-large has-custom-border is-style-rounded\"><a href=\"https:\/\/tabrett.ch\/wp-content\/uploads\/2024\/07\/Bathroom_sq-scaled.jpg\"><img loading=\"lazy\" decoding=\"async\" width=\"1024\" height=\"1024\" data-id=\"1481\" src=\"https:\/\/tabrett.ch\/wp-content\/uploads\/2025\/11\/2-7-1024x1024.jpg\" alt=\"\" class=\"wp-image-1481\" style=\"border-radius:1px\" srcset=\"https:\/\/tabrett.ch\/wp-content\/uploads\/2025\/11\/2-7-1024x1024.jpg 1024w, https:\/\/tabrett.ch\/wp-content\/uploads\/2025\/11\/2-7-300x300.jpg 300w, https:\/\/tabrett.ch\/wp-content\/uploads\/2025\/11\/2-7-150x150.jpg 150w, https:\/\/tabrett.ch\/wp-content\/uploads\/2025\/11\/2-7-768x768.jpg 768w, https:\/\/tabrett.ch\/wp-content\/uploads\/2025\/11\/2-7-1536x1536.jpg 1536w, https:\/\/tabrett.ch\/wp-content\/uploads\/2025\/11\/2-7-2048x2048.jpg 2048w, https:\/\/tabrett.ch\/wp-content\/uploads\/2025\/11\/2-7-12x12.jpg 12w\" sizes=\"auto, (max-width: 1024px) 100vw, 1024px\" \/><\/a><figcaption class=\"wp-element-caption\"><strong>In der Badewanne: In die Lieblingsserie eintauchen bis einem das Wasser zum Hals steht!<\/strong><\/figcaption><\/figure>\n\n\n\n<figure class=\"wp-block-image size-large has-custom-border is-style-rounded\"><a href=\"https:\/\/tabrett.ch\/wp-content\/uploads\/2024\/07\/armchair-1-scaled.jpg\"><img loading=\"lazy\" decoding=\"async\" width=\"1024\" height=\"1024\" data-id=\"1482\" src=\"https:\/\/tabrett.ch\/wp-content\/uploads\/2025\/11\/6-3-1024x1024.jpg\" alt=\"\" class=\"wp-image-1482\" style=\"border-radius:1px\" srcset=\"https:\/\/tabrett.ch\/wp-content\/uploads\/2025\/11\/6-3-1024x1024.jpg 1024w, https:\/\/tabrett.ch\/wp-content\/uploads\/2025\/11\/6-3-300x300.jpg 300w, https:\/\/tabrett.ch\/wp-content\/uploads\/2025\/11\/6-3-150x150.jpg 150w, https:\/\/tabrett.ch\/wp-content\/uploads\/2025\/11\/6-3-768x768.jpg 768w, https:\/\/tabrett.ch\/wp-content\/uploads\/2025\/11\/6-3-1536x1536.jpg 1536w, https:\/\/tabrett.ch\/wp-content\/uploads\/2025\/11\/6-3-2048x2048.jpg 2048w, https:\/\/tabrett.ch\/wp-content\/uploads\/2025\/11\/6-3-12x12.jpg 12w\" sizes=\"auto, (max-width: 1024px) 100vw, 1024px\" \/><\/a><figcaption class=\"wp-element-caption\"><strong>In einem Sessel bequem zur\u00fccklehen<\/strong><\/figcaption><\/figure>\n\n\n\n<figure class=\"wp-block-image size-large has-custom-border\"><a href=\"https:\/\/tabrett.ch\/wp-content\/uploads\/2024\/07\/coupleOnSofa_sq.png\"><img loading=\"lazy\" decoding=\"async\" width=\"1024\" height=\"1024\" data-id=\"1483\" src=\"https:\/\/tabrett.ch\/wp-content\/uploads\/2025\/11\/1-18-1024x1024.jpg\" alt=\"\" class=\"wp-image-1483\" style=\"border-radius:1px\" srcset=\"https:\/\/tabrett.ch\/wp-content\/uploads\/2025\/11\/1-18-1024x1024.jpg 1024w, https:\/\/tabrett.ch\/wp-content\/uploads\/2025\/11\/1-18-300x300.jpg 300w, https:\/\/tabrett.ch\/wp-content\/uploads\/2025\/11\/1-18-150x150.jpg 150w, https:\/\/tabrett.ch\/wp-content\/uploads\/2025\/11\/1-18-768x768.jpg 768w, https:\/\/tabrett.ch\/wp-content\/uploads\/2025\/11\/1-18-1536x1536.jpg 1536w, https:\/\/tabrett.ch\/wp-content\/uploads\/2025\/11\/1-18-2048x2048.jpg 2048w, https:\/\/tabrett.ch\/wp-content\/uploads\/2025\/11\/1-18-12x12.jpg 12w\" sizes=\"auto, (max-width: 1024px) 100vw, 1024px\" \/><\/a><figcaption class=\"wp-element-caption\"><strong>Ein, zwei oder mehr Personen, die auf einem Sofa fernsehen<\/strong><\/figcaption><\/figure>\n<\/figure>\n\n\n\n<p>Die Halterung bzw. der Beistelltisch ist in verschiedenen H\u00f6lzern und in farbigem MDF erh\u00e4ltlich. Die Metallrohre sind aus Chromstahl, entweder geb\u00fcrstet (metall-farbig) oder pulverbeschichtet (schwarz). Beschl\u00e4ge wie Briden und Scharniere kommen aus dem 3-D Drucker.<\/p>\n\n\n\n<p>Die einzelnen Komponenten werden in der Schweiz gefertigt und auf Bestellung zusammengebaut. Hier sind ein paar Impressionen von m\u00f6glichen Kombinationen und Farben.<br>Bitte benutze unser <a href=\"https:\/\/tabrett.ch\/de\/contact-form-tabrett-ch\/\">Kontakt Formular<\/a> um eine Bestellung aufzugeben oder um eine Frage zu stellen.<\/p>\n\n\n\n<figure class=\"wp-block-gallery has-nested-images columns-2 is-cropped wp-block-gallery-2 is-layout-flex wp-block-gallery-is-layout-flex\">\n<figure class=\"wp-block-image size-large has-custom-border is-style-rounded\"><img loading=\"lazy\" decoding=\"async\" width=\"683\" height=\"1024\" data-id=\"1486\" src=\"https:\/\/tabrett.ch\/wp-content\/uploads\/2025\/11\/DSC05616-683x1024.jpg\" alt=\"\" class=\"wp-image-1486\" style=\"border-radius:1px\" srcset=\"https:\/\/tabrett.ch\/wp-content\/uploads\/2025\/11\/DSC05616-683x1024.jpg 683w, https:\/\/tabrett.ch\/wp-content\/uploads\/2025\/11\/DSC05616-200x300.jpg 200w, https:\/\/tabrett.ch\/wp-content\/uploads\/2025\/11\/DSC05616-768x1152.jpg 768w, https:\/\/tabrett.ch\/wp-content\/uploads\/2025\/11\/DSC05616-1024x1536.jpg 1024w, https:\/\/tabrett.ch\/wp-content\/uploads\/2025\/11\/DSC05616-1365x2048.jpg 1365w, https:\/\/tabrett.ch\/wp-content\/uploads\/2025\/11\/DSC05616-8x12.jpg 8w, https:\/\/tabrett.ch\/wp-content\/uploads\/2025\/11\/DSC05616-scaled.jpg 1707w\" sizes=\"auto, (max-width: 683px) 100vw, 683px\" \/><figcaption class=\"wp-element-caption\"><strong>MDF schwarz \/ Raucheiche<\/strong><\/figcaption><\/figure>\n\n\n\n<figure class=\"wp-block-image size-large has-custom-border is-style-rounded\"><img loading=\"lazy\" decoding=\"async\" width=\"683\" height=\"1024\" data-id=\"1578\" src=\"https:\/\/tabrett.ch\/wp-content\/uploads\/2025\/11\/DSC05753-683x1024.jpg\" alt=\"\" class=\"wp-image-1578\" style=\"border-radius:1px\" srcset=\"https:\/\/tabrett.ch\/wp-content\/uploads\/2025\/11\/DSC05753-683x1024.jpg 683w, https:\/\/tabrett.ch\/wp-content\/uploads\/2025\/11\/DSC05753-200x300.jpg 200w, https:\/\/tabrett.ch\/wp-content\/uploads\/2025\/11\/DSC05753-768x1152.jpg 768w, https:\/\/tabrett.ch\/wp-content\/uploads\/2025\/11\/DSC05753-1024x1536.jpg 1024w, https:\/\/tabrett.ch\/wp-content\/uploads\/2025\/11\/DSC05753-1365x2048.jpg 1365w, https:\/\/tabrett.ch\/wp-content\/uploads\/2025\/11\/DSC05753-8x12.jpg 8w, https:\/\/tabrett.ch\/wp-content\/uploads\/2025\/11\/DSC05753-scaled.jpg 1707w\" sizes=\"auto, (max-width: 683px) 100vw, 683px\" \/><figcaption class=\"wp-element-caption\"><strong>MDF schwarz \/ Ablagefl\u00e4che aus Raucheiche<\/strong><\/figcaption><\/figure>\n\n\n\n<figure class=\"wp-block-image size-large has-custom-border is-style-rounded\"><img loading=\"lazy\" decoding=\"async\" width=\"683\" height=\"1024\" data-id=\"1581\" src=\"https:\/\/tabrett.ch\/wp-content\/uploads\/2025\/11\/DSC05797-683x1024.jpg\" alt=\"\" class=\"wp-image-1581\" style=\"border-radius:1px\" srcset=\"https:\/\/tabrett.ch\/wp-content\/uploads\/2025\/11\/DSC05797-683x1024.jpg 683w, https:\/\/tabrett.ch\/wp-content\/uploads\/2025\/11\/DSC05797-200x300.jpg 200w, https:\/\/tabrett.ch\/wp-content\/uploads\/2025\/11\/DSC05797-768x1152.jpg 768w, https:\/\/tabrett.ch\/wp-content\/uploads\/2025\/11\/DSC05797-1024x1536.jpg 1024w, https:\/\/tabrett.ch\/wp-content\/uploads\/2025\/11\/DSC05797-1365x2048.jpg 1365w, https:\/\/tabrett.ch\/wp-content\/uploads\/2025\/11\/DSC05797-8x12.jpg 8w, https:\/\/tabrett.ch\/wp-content\/uploads\/2025\/11\/DSC05797-scaled.jpg 1707w\" sizes=\"auto, (max-width: 683px) 100vw, 683px\" \/><figcaption class=\"wp-element-caption translation-block\"><strong> Eiche massiv<\/strong><\/figcaption><\/figure>\n\n\n\n<figure class=\"wp-block-image size-large has-custom-border is-style-rounded\" style=\"margin-top:0;margin-bottom:0\"><img loading=\"lazy\" decoding=\"async\" width=\"683\" height=\"1024\" data-id=\"1571\" src=\"https:\/\/tabrett.ch\/wp-content\/uploads\/2025\/11\/DSC05692-683x1024.jpg\" alt=\"\" class=\"wp-image-1571\" style=\"border-radius:1px\" srcset=\"https:\/\/tabrett.ch\/wp-content\/uploads\/2025\/11\/DSC05692-683x1024.jpg 683w, https:\/\/tabrett.ch\/wp-content\/uploads\/2025\/11\/DSC05692-200x300.jpg 200w, https:\/\/tabrett.ch\/wp-content\/uploads\/2025\/11\/DSC05692-768x1152.jpg 768w, https:\/\/tabrett.ch\/wp-content\/uploads\/2025\/11\/DSC05692-1024x1536.jpg 1024w, https:\/\/tabrett.ch\/wp-content\/uploads\/2025\/11\/DSC05692-1365x2048.jpg 1365w, https:\/\/tabrett.ch\/wp-content\/uploads\/2025\/11\/DSC05692-8x12.jpg 8w, https:\/\/tabrett.ch\/wp-content\/uploads\/2025\/11\/DSC05692-scaled.jpg 1707w\" sizes=\"auto, (max-width: 683px) 100vw, 683px\" \/><figcaption class=\"wp-element-caption\"><strong>Esche massiv<\/strong><\/figcaption><\/figure>\n\n\n\n<figure class=\"wp-block-image size-large has-custom-border is-style-rounded\"><img loading=\"lazy\" decoding=\"async\" width=\"683\" height=\"1024\" data-id=\"1460\" src=\"https:\/\/tabrett.ch\/wp-content\/uploads\/2025\/10\/DSC05179_crop-1-683x1024.jpg\" alt=\"\" class=\"wp-image-1460\" style=\"border-radius:1px\" srcset=\"https:\/\/tabrett.ch\/wp-content\/uploads\/2025\/10\/DSC05179_crop-1-683x1024.jpg 683w, https:\/\/tabrett.ch\/wp-content\/uploads\/2025\/10\/DSC05179_crop-1-200x300.jpg 200w, https:\/\/tabrett.ch\/wp-content\/uploads\/2025\/10\/DSC05179_crop-1-768x1152.jpg 768w, https:\/\/tabrett.ch\/wp-content\/uploads\/2025\/10\/DSC05179_crop-1-1024x1536.jpg 1024w, https:\/\/tabrett.ch\/wp-content\/uploads\/2025\/10\/DSC05179_crop-1-1365x2048.jpg 1365w, https:\/\/tabrett.ch\/wp-content\/uploads\/2025\/10\/DSC05179_crop-1-8x12.jpg 8w, https:\/\/tabrett.ch\/wp-content\/uploads\/2025\/10\/DSC05179_crop-1.jpg 1632w\" sizes=\"auto, (max-width: 683px) 100vw, 683px\" \/><figcaption class=\"wp-element-caption\"><strong>Nussbaum massiv<\/strong><\/figcaption><\/figure>\n\n\n\n<figure class=\"wp-block-image size-large has-custom-border is-style-rounded\"><img loading=\"lazy\" decoding=\"async\" width=\"683\" height=\"1024\" data-id=\"1590\" src=\"https:\/\/tabrett.ch\/wp-content\/uploads\/2025\/11\/DSC05808-683x1024.jpg\" alt=\"\" class=\"wp-image-1590\" style=\"border-radius:1px\" srcset=\"https:\/\/tabrett.ch\/wp-content\/uploads\/2025\/11\/DSC05808-683x1024.jpg 683w, https:\/\/tabrett.ch\/wp-content\/uploads\/2025\/11\/DSC05808-200x300.jpg 200w, https:\/\/tabrett.ch\/wp-content\/uploads\/2025\/11\/DSC05808-768x1152.jpg 768w, https:\/\/tabrett.ch\/wp-content\/uploads\/2025\/11\/DSC05808-1024x1536.jpg 1024w, https:\/\/tabrett.ch\/wp-content\/uploads\/2025\/11\/DSC05808-1365x2048.jpg 1365w, https:\/\/tabrett.ch\/wp-content\/uploads\/2025\/11\/DSC05808-8x12.jpg 8w, https:\/\/tabrett.ch\/wp-content\/uploads\/2025\/11\/DSC05808-scaled.jpg 1707w\" sizes=\"auto, (max-width: 683px) 100vw, 683px\" \/><figcaption class=\"wp-element-caption\"><strong>MDF schwarz \/ gelb horizontal<\/strong><\/figcaption><\/figure>\n\n\n\n<figure class=\"wp-block-image size-large has-custom-border is-style-rounded\"><img loading=\"lazy\" decoding=\"async\" width=\"683\" height=\"1024\" data-id=\"1577\" src=\"https:\/\/tabrett.ch\/wp-content\/uploads\/2025\/11\/DSC05729-683x1024.jpg\" alt=\"\" class=\"wp-image-1577\" style=\"border-radius:1px\" srcset=\"https:\/\/tabrett.ch\/wp-content\/uploads\/2025\/11\/DSC05729-683x1024.jpg 683w, https:\/\/tabrett.ch\/wp-content\/uploads\/2025\/11\/DSC05729-200x300.jpg 200w, https:\/\/tabrett.ch\/wp-content\/uploads\/2025\/11\/DSC05729-768x1152.jpg 768w, https:\/\/tabrett.ch\/wp-content\/uploads\/2025\/11\/DSC05729-1024x1536.jpg 1024w, https:\/\/tabrett.ch\/wp-content\/uploads\/2025\/11\/DSC05729-1365x2048.jpg 1365w, https:\/\/tabrett.ch\/wp-content\/uploads\/2025\/11\/DSC05729-8x12.jpg 8w, https:\/\/tabrett.ch\/wp-content\/uploads\/2025\/11\/DSC05729-scaled.jpg 1707w\" sizes=\"auto, (max-width: 683px) 100vw, 683px\" \/><figcaption class=\"wp-element-caption\"><strong>Ablagefl\u00e4che MDF gr\u00fcn<\/strong><\/figcaption><\/figure>\n\n\n\n<figure class=\"wp-block-image size-large has-custom-border is-style-rounded\"><img loading=\"lazy\" decoding=\"async\" width=\"683\" height=\"1024\" data-id=\"1585\" src=\"https:\/\/tabrett.ch\/wp-content\/uploads\/2025\/11\/DSC05805-683x1024.jpg\" alt=\"\" class=\"wp-image-1585\" style=\"border-radius:1px\" srcset=\"https:\/\/tabrett.ch\/wp-content\/uploads\/2025\/11\/DSC05805-683x1024.jpg 683w, https:\/\/tabrett.ch\/wp-content\/uploads\/2025\/11\/DSC05805-200x300.jpg 200w, https:\/\/tabrett.ch\/wp-content\/uploads\/2025\/11\/DSC05805-768x1152.jpg 768w, https:\/\/tabrett.ch\/wp-content\/uploads\/2025\/11\/DSC05805-1024x1536.jpg 1024w, https:\/\/tabrett.ch\/wp-content\/uploads\/2025\/11\/DSC05805-1365x2048.jpg 1365w, https:\/\/tabrett.ch\/wp-content\/uploads\/2025\/11\/DSC05805-8x12.jpg 8w, https:\/\/tabrett.ch\/wp-content\/uploads\/2025\/11\/DSC05805-scaled.jpg 1707w\" sizes=\"auto, (max-width: 683px) 100vw, 683px\" \/><figcaption class=\"wp-element-caption\"><strong>MDF Regenbogenfarben 1<\/strong><\/figcaption><\/figure>\n\n\n\n<figure class=\"wp-block-image size-large has-custom-border is-style-rounded\"><img loading=\"lazy\" decoding=\"async\" width=\"683\" height=\"1024\" data-id=\"1588\" src=\"https:\/\/tabrett.ch\/wp-content\/uploads\/2025\/11\/DSC05799-683x1024.jpg\" alt=\"\" class=\"wp-image-1588\" style=\"border-radius:1px\" srcset=\"https:\/\/tabrett.ch\/wp-content\/uploads\/2025\/11\/DSC05799-683x1024.jpg 683w, https:\/\/tabrett.ch\/wp-content\/uploads\/2025\/11\/DSC05799-200x300.jpg 200w, https:\/\/tabrett.ch\/wp-content\/uploads\/2025\/11\/DSC05799-768x1152.jpg 768w, https:\/\/tabrett.ch\/wp-content\/uploads\/2025\/11\/DSC05799-1024x1536.jpg 1024w, https:\/\/tabrett.ch\/wp-content\/uploads\/2025\/11\/DSC05799-1365x2048.jpg 1365w, https:\/\/tabrett.ch\/wp-content\/uploads\/2025\/11\/DSC05799-8x12.jpg 8w, https:\/\/tabrett.ch\/wp-content\/uploads\/2025\/11\/DSC05799-scaled.jpg 1707w\" sizes=\"auto, (max-width: 683px) 100vw, 683px\" \/><figcaption class=\"wp-element-caption\"><strong>MDF schwarz \/ rot horizontal<\/strong><\/figcaption><\/figure>\n\n\n\n<figure class=\"wp-block-image size-large has-custom-border is-style-rounded\"><img loading=\"lazy\" decoding=\"async\" width=\"683\" height=\"1024\" data-id=\"1640\" src=\"https:\/\/tabrett.ch\/wp-content\/uploads\/2025\/11\/DSC05829-683x1024.jpg\" alt=\"\" class=\"wp-image-1640\" style=\"border-radius:1px\" srcset=\"https:\/\/tabrett.ch\/wp-content\/uploads\/2025\/11\/DSC05829-683x1024.jpg 683w, https:\/\/tabrett.ch\/wp-content\/uploads\/2025\/11\/DSC05829-200x300.jpg 200w, https:\/\/tabrett.ch\/wp-content\/uploads\/2025\/11\/DSC05829-768x1152.jpg 768w, https:\/\/tabrett.ch\/wp-content\/uploads\/2025\/11\/DSC05829-1024x1536.jpg 1024w, https:\/\/tabrett.ch\/wp-content\/uploads\/2025\/11\/DSC05829-1365x2048.jpg 1365w, https:\/\/tabrett.ch\/wp-content\/uploads\/2025\/11\/DSC05829-8x12.jpg 8w, https:\/\/tabrett.ch\/wp-content\/uploads\/2025\/11\/DSC05829-scaled.jpg 1707w\" sizes=\"auto, (max-width: 683px) 100vw, 683px\" \/><figcaption class=\"wp-element-caption\"><strong>MDF Regenbogenfarben 2<\/strong><\/figcaption><\/figure>\n\n\n\n<figure class=\"wp-block-image size-large has-custom-border is-style-rounded\"><img loading=\"lazy\" decoding=\"async\" width=\"683\" height=\"1024\" data-id=\"1586\" src=\"https:\/\/tabrett.ch\/wp-content\/uploads\/2025\/11\/DSC05708_crop-683x1024.jpg\" alt=\"\" class=\"wp-image-1586\" style=\"border-radius:1px\" srcset=\"https:\/\/tabrett.ch\/wp-content\/uploads\/2025\/11\/DSC05708_crop-683x1024.jpg 683w, https:\/\/tabrett.ch\/wp-content\/uploads\/2025\/11\/DSC05708_crop-200x300.jpg 200w, https:\/\/tabrett.ch\/wp-content\/uploads\/2025\/11\/DSC05708_crop-768x1152.jpg 768w, https:\/\/tabrett.ch\/wp-content\/uploads\/2025\/11\/DSC05708_crop-1024x1536.jpg 1024w, https:\/\/tabrett.ch\/wp-content\/uploads\/2025\/11\/DSC05708_crop-1365x2048.jpg 1365w, https:\/\/tabrett.ch\/wp-content\/uploads\/2025\/11\/DSC05708_crop-8x12.jpg 8w, https:\/\/tabrett.ch\/wp-content\/uploads\/2025\/11\/DSC05708_crop-scaled.jpg 1706w\" sizes=\"auto, (max-width: 683px) 100vw, 683px\" \/><figcaption class=\"wp-element-caption\"><strong>Halteplatte MDF gelb mit Bride<\/strong><\/figcaption><\/figure>\n\n\n\n<figure class=\"wp-block-image size-large has-custom-border is-style-rounded\"><img loading=\"lazy\" decoding=\"async\" width=\"683\" height=\"1024\" data-id=\"1591\" src=\"https:\/\/tabrett.ch\/wp-content\/uploads\/2025\/11\/DSC05811-683x1024.jpg\" alt=\"\" class=\"wp-image-1591\" style=\"border-radius:1px\" srcset=\"https:\/\/tabrett.ch\/wp-content\/uploads\/2025\/11\/DSC05811-683x1024.jpg 683w, https:\/\/tabrett.ch\/wp-content\/uploads\/2025\/11\/DSC05811-200x300.jpg 200w, https:\/\/tabrett.ch\/wp-content\/uploads\/2025\/11\/DSC05811-768x1152.jpg 768w, https:\/\/tabrett.ch\/wp-content\/uploads\/2025\/11\/DSC05811-1024x1536.jpg 1024w, https:\/\/tabrett.ch\/wp-content\/uploads\/2025\/11\/DSC05811-1365x2048.jpg 1365w, https:\/\/tabrett.ch\/wp-content\/uploads\/2025\/11\/DSC05811-8x12.jpg 8w, https:\/\/tabrett.ch\/wp-content\/uploads\/2025\/11\/DSC05811-scaled.jpg 1707w\" sizes=\"auto, (max-width: 683px) 100vw, 683px\" \/><figcaption class=\"wp-element-caption\"><strong>Halteplatt MDF schwarz mit Bride <\/strong><\/figcaption><\/figure>\n<\/figure>\n\n\n\n<p><\/p>","protected":false},"excerpt":{"rendered":"<p>This floor stand is both tablet holder and side table. It allows you to use your device comfortably when sitting, reclining or lying in an armchair, in bed, or on a sofa. And the side table does what side tables are for: It allows you to place items such as your phone, a cup, a [&hellip;]<\/p>","protected":false},"author":1,"featured_media":0,"parent":0,"menu_order":0,"comment_status":"closed","ping_status":"closed","template":"","meta":{"footnotes":"[]"},"class_list":["post-560","page","type-page","status-publish","hentry"],"blocksy_meta":[],"_links":{"self":[{"href":"https:\/\/tabrett.ch\/de\/wp-json\/wp\/v2\/pages\/560","targetHints":{"allow":["GET"]}}],"collection":[{"href":"https:\/\/tabrett.ch\/de\/wp-json\/wp\/v2\/pages"}],"about":[{"href":"https:\/\/tabrett.ch\/de\/wp-json\/wp\/v2\/types\/page"}],"author":[{"embeddable":true,"href":"https:\/\/tabrett.ch\/de\/wp-json\/wp\/v2\/users\/1"}],"replies":[{"embeddable":true,"href":"https:\/\/tabrett.ch\/de\/wp-json\/wp\/v2\/comments?post=560"}],"version-history":[{"count":212,"href":"https:\/\/tabrett.ch\/de\/wp-json\/wp\/v2\/pages\/560\/revisions"}],"predecessor-version":[{"id":1644,"href":"https:\/\/tabrett.ch\/de\/wp-json\/wp\/v2\/pages\/560\/revisions\/1644"}],"wp:attachment":[{"href":"https:\/\/tabrett.ch\/de\/wp-json\/wp\/v2\/media?parent=560"}],"curies":[{"name":"wp","href":"https:\/\/api.w.org\/{rel}","templated":true}]}}