{"id":612,"date":"2024-07-07T07:13:15","date_gmt":"2024-07-07T07:13:15","guid":{"rendered":"https:\/\/tabrett.ch\/?page_id=612"},"modified":"2025-12-08T16:24:19","modified_gmt":"2025-12-08T16:24:19","slug":"unique-floor-stand-for-tablets-ipads-and-laptops-that-combines-tablet-holder-and-side-table","status":"publish","type":"page","link":"https:\/\/tabrett.ch\/de\/unique-floor-stand-for-tablets-ipads-and-laptops-that-combines-tablet-holder-and-side-table\/","title":{"rendered":"Bodenst\u00e4nder mit Beistelltisch - f\u00fcr Laptops und extrem grosse Tablets"},"content":{"rendered":"<div class=\"wp-block-stackable-video-popup stk-block-video-popup stk-block stk-1d27c84\" data-video=\"https:\/\/tabrett.ch\/wp-content\/uploads\/2025\/07\/LaptopstandStand_June_2025.mp4\" data-block-id=\"1d27c84\"><style>.stk-1d27c84 {margin-bottom:0px !important;}<\/style><div class=\"stk-block-video-popup__overlay stk-row stk-inner-blocks stk-block-content stk-hover-parent\" aria-label=\"Play Video\" tabindex=\"0\" role=\"button\">\n<div class=\"wp-block-stackable-icon stk-block-icon has-text-align-center stk-block stk-b117e56\" data-block-id=\"b117e56\"><style>.stk-b117e56 .stk--svg-wrapper .stk--inner-svg svg:last-child{height:100px !important;width:100px !important;}.stk-b117e56 .stk--svg-wrapper .stk--inner-svg svg:last-child, .stk-b117e56 .stk--svg-wrapper .stk--inner-svg svg:last-child :is(g, path, rect, polygon, ellipse){fill:var(--theme-palette-color-1, #fd5a37) !important;}<\/style><span class=\"stk--svg-wrapper\"><div class=\"stk--inner-svg\"><svg style=\"height:0;width:0\"><defs><lineargradient id=\"linear-gradient-b117e56\" x1=\"0\" x2=\"100%\" y1=\"0\" y2=\"0\"><stop offset=\"0%\" style=\"stop-opacity:1;stop-color:var(--linear-gradient-b-117-e-56-color-1)\"><\/stop><stop offset=\"100%\" style=\"stop-opacity:1;stop-color:var(--linear-gradient-b-117-e-56-color-2)\"><\/stop><\/lineargradient><\/defs><\/svg><svg xmlns=\"http:\/\/www.w3.org\/2000\/svg\" viewbox=\"0 0 512 512\" aria-hidden=\"true\" width=\"32\" height=\"32\"><path d=\"M464 256A208 208 0 1 0 48 256a208 208 0 1 0 416 0zM0 256a256 256 0 1 1 512 0A256 256 0 1 1 0 256zM188.3 147.1c7.6-4.2 16.8-4.1 24.3 .5l144 88c7.1 4.4 11.5 12.1 11.5 20.5s-4.4 16.1-11.5 20.5l-144 88c-7.4 4.5-16.7 4.7-24.3 .5s-12.3-12.2-12.3-20.9V168c0-8.7 4.7-16.7 12.3-20.9z\"><\/path><\/svg><\/div><\/span><\/div>\n\n\n\n<div class=\"wp-block-stackable-image stk-block-image stk-block stk-803a2fb\" data-block-id=\"803a2fb\"><style>.stk-803a2fb .stk-img-wrapper{aspect-ratio:4\/3 !important;height:auto !important;}.stk-803a2fb .stk-img-wrapper img{object-position:60% 31% !important;}@media screen and (max-width:999px){.stk-803a2fb .stk-img-wrapper{height:auto !important;}}@media screen and (max-width:689px){.stk-803a2fb .stk-img-wrapper{height:auto !important;}}<\/style><figure><span class=\"stk-img-wrapper stk-image--shape-stretch\"><img loading=\"lazy\" decoding=\"async\" class=\"stk-img wp-image-1233\" src=\"https:\/\/tabrett.ch\/wp-content\/uploads\/2025\/07\/DSC05517_crop-scaled.jpg\" width=\"2560\" height=\"2048\" srcset=\"https:\/\/tabrett.ch\/wp-content\/uploads\/2025\/07\/DSC05517_crop-scaled.jpg 2560w, https:\/\/tabrett.ch\/wp-content\/uploads\/2025\/07\/DSC05517_crop-300x240.jpg 300w, https:\/\/tabrett.ch\/wp-content\/uploads\/2025\/07\/DSC05517_crop-1024x819.jpg 1024w, https:\/\/tabrett.ch\/wp-content\/uploads\/2025\/07\/DSC05517_crop-768x614.jpg 768w, https:\/\/tabrett.ch\/wp-content\/uploads\/2025\/07\/DSC05517_crop-1536x1229.jpg 1536w, https:\/\/tabrett.ch\/wp-content\/uploads\/2025\/07\/DSC05517_crop-2048x1639.jpg 2048w, https:\/\/tabrett.ch\/wp-content\/uploads\/2025\/07\/DSC05517_crop-15x12.jpg 15w\" sizes=\"auto, (max-width: 2560px) 100vw, 2560px\" \/><\/span><\/figure><\/div>\n<\/div><\/div>\n\n\n\n<div class=\"wp-block-stackable-text stk-block-text stk-block stk-156a0e7\" data-block-id=\"156a0e7\"><style>.stk-156a0e7 {margin-bottom:1px !important;}<\/style><p class=\"stk-block-text__text translation-block\">Mit diesem Bodenst\u00e4nder kannst du deinen Laptop bequem aus einer zur\u00fcckgelehnten oder gar liegenden Haltung heraus verwenden: in einem Sessel, auf einem Sofa, im Bett oder in der Badewanne. Die Halterung kann auch f\u00fcr extrem grosse Tablets wie das Galaxy Tab 10 Ultra verwendet werden. Und auf dem integrierten Beistellstisch k\u00f6nnen pers\u00f6nliche Gegenst\u00e4nde wie Brille, Handy etc. abgelegt werden. Der Tisch kann zudem auch f\u00fcr die Maus verwendet werden. <br>\n<br><\/p><\/div>\n\n\n\n<p class=\"translation-block\">Die Montageplatte kann Ger\u00e4te bis max. etwa 1.5 kg und einem 15\" Bildschirm aufnehmen, Tablet oder Laptop. Im Prinzip kann die Halterung f\u00fcr alle Laptops, Tablets, E-Readers und Handys verwendet werden, sofern diese flach sind und einen Bildschirm von 15\" oder kleiner haben. <br>\n<br>\nHier sind beispielhaft einige der vielen Situationen, in denen die Halterung verwendet werden kann:<\/p>\n\n\n\n<figure class=\"wp-block-gallery has-nested-images columns-2 is-cropped wp-block-gallery-1 is-layout-flex wp-block-gallery-is-layout-flex\">\n<figure class=\"wp-block-image size-large has-custom-border\"><img loading=\"lazy\" decoding=\"async\" width=\"1024\" height=\"1024\" data-id=\"1677\" src=\"https:\/\/tabrett.ch\/wp-content\/uploads\/2025\/11\/3-9-1024x1024.jpg\" alt=\"\" class=\"wp-image-1677\" style=\"border-radius:1px\" srcset=\"https:\/\/tabrett.ch\/wp-content\/uploads\/2025\/11\/3-9-1024x1024.jpg 1024w, https:\/\/tabrett.ch\/wp-content\/uploads\/2025\/11\/3-9-300x300.jpg 300w, https:\/\/tabrett.ch\/wp-content\/uploads\/2025\/11\/3-9-150x150.jpg 150w, https:\/\/tabrett.ch\/wp-content\/uploads\/2025\/11\/3-9-768x768.jpg 768w, https:\/\/tabrett.ch\/wp-content\/uploads\/2025\/11\/3-9-1536x1536.jpg 1536w, https:\/\/tabrett.ch\/wp-content\/uploads\/2025\/11\/3-9-2048x2048.jpg 2048w, https:\/\/tabrett.ch\/wp-content\/uploads\/2025\/11\/3-9-12x12.jpg 12w\" sizes=\"auto, (max-width: 1024px) 100vw, 1024px\" \/><figcaption class=\"wp-element-caption translation-block\">Arbeiten auf dem Sofa, getippt wir auf der externen Tastatur. Die Sitzfl\u00e4che des Sofas dient als Mausmatte. Funktioniert tipptopp!<\/figcaption><\/figure>\n\n\n\n<figure class=\"wp-block-image size-large has-custom-border is-style-rounded\"><img loading=\"lazy\" decoding=\"async\" width=\"1024\" height=\"1024\" data-id=\"1678\" src=\"https:\/\/tabrett.ch\/wp-content\/uploads\/2025\/11\/1-21-1024x1024.jpg\" alt=\"\" class=\"wp-image-1678\" style=\"border-radius:1px\" srcset=\"https:\/\/tabrett.ch\/wp-content\/uploads\/2025\/11\/1-21-1024x1024.jpg 1024w, https:\/\/tabrett.ch\/wp-content\/uploads\/2025\/11\/1-21-300x300.jpg 300w, https:\/\/tabrett.ch\/wp-content\/uploads\/2025\/11\/1-21-150x150.jpg 150w, https:\/\/tabrett.ch\/wp-content\/uploads\/2025\/11\/1-21-768x768.jpg 768w, https:\/\/tabrett.ch\/wp-content\/uploads\/2025\/11\/1-21-1536x1536.jpg 1536w, https:\/\/tabrett.ch\/wp-content\/uploads\/2025\/11\/1-21-2048x2048.jpg 2048w, https:\/\/tabrett.ch\/wp-content\/uploads\/2025\/11\/1-21-12x12.jpg 12w\" sizes=\"auto, (max-width: 1024px) 100vw, 1024px\" \/><figcaption class=\"wp-element-caption translation-block\">Ein, zwei oder mehrere Personen k\u00f6nne auf dem Sofa sitzend fernsehen. Oder an einem online Meeting teilnehmen.<\/figcaption><\/figure>\n\n\n\n<figure class=\"wp-block-image size-large has-custom-border is-style-rounded\"><img loading=\"lazy\" decoding=\"async\" width=\"1024\" height=\"1024\" data-id=\"1679\" src=\"https:\/\/tabrett.ch\/wp-content\/uploads\/2025\/11\/2-10-1024x1024.jpg\" alt=\"\" class=\"wp-image-1679\" style=\"border-radius:1px\" srcset=\"https:\/\/tabrett.ch\/wp-content\/uploads\/2025\/11\/2-10-1024x1024.jpg 1024w, https:\/\/tabrett.ch\/wp-content\/uploads\/2025\/11\/2-10-300x300.jpg 300w, https:\/\/tabrett.ch\/wp-content\/uploads\/2025\/11\/2-10-150x150.jpg 150w, https:\/\/tabrett.ch\/wp-content\/uploads\/2025\/11\/2-10-768x768.jpg 768w, https:\/\/tabrett.ch\/wp-content\/uploads\/2025\/11\/2-10-1536x1536.jpg 1536w, https:\/\/tabrett.ch\/wp-content\/uploads\/2025\/11\/2-10-2048x2048.jpg 2048w, https:\/\/tabrett.ch\/wp-content\/uploads\/2025\/11\/2-10-12x12.jpg 12w\" sizes=\"auto, (max-width: 1024px) 100vw, 1024px\" \/><figcaption class=\"wp-element-caption\">Schau deine Lieblingsserie auf dem Sofa, liegend! Hier auf dem ultra-grossen Tab 10 Ultra von Samsung.<\/figcaption><\/figure>\n\n\n\n<figure class=\"wp-block-image size-large has-custom-border is-style-rounded\"><img loading=\"lazy\" decoding=\"async\" width=\"1024\" height=\"1024\" data-id=\"1682\" src=\"https:\/\/tabrett.ch\/wp-content\/uploads\/2025\/11\/4-9-1024x1024.jpg\" alt=\"\" class=\"wp-image-1682\" style=\"border-radius:1px\" srcset=\"https:\/\/tabrett.ch\/wp-content\/uploads\/2025\/11\/4-9-1024x1024.jpg 1024w, https:\/\/tabrett.ch\/wp-content\/uploads\/2025\/11\/4-9-300x300.jpg 300w, https:\/\/tabrett.ch\/wp-content\/uploads\/2025\/11\/4-9-150x150.jpg 150w, https:\/\/tabrett.ch\/wp-content\/uploads\/2025\/11\/4-9-768x768.jpg 768w, https:\/\/tabrett.ch\/wp-content\/uploads\/2025\/11\/4-9-1536x1536.jpg 1536w, https:\/\/tabrett.ch\/wp-content\/uploads\/2025\/11\/4-9-2048x2048.jpg 2048w, https:\/\/tabrett.ch\/wp-content\/uploads\/2025\/11\/4-9-12x12.jpg 12w\" sizes=\"auto, (max-width: 1024px) 100vw, 1024px\" \/><figcaption class=\"wp-element-caption\">Im Bett einen Film schauen oder ein Buch lesen. Gel\u00e4ttert wird mit der Maus. Das Fixleintuch ist eine perfekte Mausmatte!<\/figcaption><\/figure>\n\n\n\n<figure class=\"wp-block-image size-large has-custom-border\"><img loading=\"lazy\" decoding=\"async\" width=\"1024\" height=\"1024\" data-id=\"1681\" src=\"https:\/\/tabrett.ch\/wp-content\/uploads\/2025\/11\/5-6-1024x1024.jpg\" alt=\"\" class=\"wp-image-1681\" style=\"border-radius:1px\" srcset=\"https:\/\/tabrett.ch\/wp-content\/uploads\/2025\/11\/5-6-1024x1024.jpg 1024w, https:\/\/tabrett.ch\/wp-content\/uploads\/2025\/11\/5-6-300x300.jpg 300w, https:\/\/tabrett.ch\/wp-content\/uploads\/2025\/11\/5-6-150x150.jpg 150w, https:\/\/tabrett.ch\/wp-content\/uploads\/2025\/11\/5-6-768x768.jpg 768w, https:\/\/tabrett.ch\/wp-content\/uploads\/2025\/11\/5-6-1536x1536.jpg 1536w, https:\/\/tabrett.ch\/wp-content\/uploads\/2025\/11\/5-6-2048x2048.jpg 2048w, https:\/\/tabrett.ch\/wp-content\/uploads\/2025\/11\/5-6-12x12.jpg 12w\" sizes=\"auto, (max-width: 1024px) 100vw, 1024px\" \/><figcaption class=\"wp-element-caption\">Wenn du aus medizinischen Gr\u00fcnden auf dem R\u00fccken liegen musst aber wichtige Arbeiten am Computer zu erledigen hast, hier ist die L\u00f6sung!<\/figcaption><\/figure>\n\n\n\n<figure class=\"wp-block-image size-large has-custom-border is-style-rounded\"><img loading=\"lazy\" decoding=\"async\" width=\"1024\" height=\"1024\" data-id=\"1680\" src=\"https:\/\/tabrett.ch\/wp-content\/uploads\/2025\/11\/6-6-1024x1024.jpg\" alt=\"\" class=\"wp-image-1680\" style=\"border-radius:1px\" srcset=\"https:\/\/tabrett.ch\/wp-content\/uploads\/2025\/11\/6-6-1024x1024.jpg 1024w, https:\/\/tabrett.ch\/wp-content\/uploads\/2025\/11\/6-6-300x300.jpg 300w, https:\/\/tabrett.ch\/wp-content\/uploads\/2025\/11\/6-6-150x150.jpg 150w, https:\/\/tabrett.ch\/wp-content\/uploads\/2025\/11\/6-6-768x768.jpg 768w, https:\/\/tabrett.ch\/wp-content\/uploads\/2025\/11\/6-6-1536x1536.jpg 1536w, https:\/\/tabrett.ch\/wp-content\/uploads\/2025\/11\/6-6-2048x2048.jpg 2048w, https:\/\/tabrett.ch\/wp-content\/uploads\/2025\/11\/6-6-12x12.jpg 12w\" sizes=\"auto, (max-width: 1024px) 100vw, 1024px\" \/><figcaption class=\"wp-element-caption\">Sich bequem zur\u00fccklehnen aber dennoch hart arbeiten! Mit der externen Tastatur auf den Knien und der Maus auf dem Beistelltisch ist das kein Problem.<\/figcaption><\/figure>\n<\/figure>\n\n\n\n<p class=\"translation-block\">Die Halterung bzw. der Beistelltisch ist in verschiedenen Ausf\u00fchrungen in Massivholz und in mehreren MDF (durchgef\u00e4rbt) Varianten erh\u00e4ltlich. Die Eisenrohre sind aus Chromstahl, entweder geb\u00fcrstet (metallisch) oder pulverbeschichtet (schwarz). <br>\n<br>\nDie Halterung ist, wie erw\u00e4hnt, f\u00fcr Laptops\/Notebooks UND f\u00fcr grosse Tablets. Sie unterscheidet sich vom Model f\u00fcr Standard-Tablets nur in der Bauart des Schwenkarms und in der Gr\u00f6sse des (unsichtbaren) Gewichts, das \u2013 aus Stabilit\u00e4tsgr\u00fcnden \u2013 in die Basis-Platte eingelegt ist. <br>\n<br>\nHier sind einige Beispiele der vielen Varianten, Kombinationen und Farben, die m\u00f6glich sind:<\/p>\n\n\n\n<div class=\"wp-block-stackable-columns stk-block-columns stk-block stk-44d90ce\" data-block-id=\"44d90ce\"><style>.stk-44d90ce {margin-bottom:0px !important;}<\/style><div class=\"stk-row stk-inner-blocks stk-block-content stk-content-align stk-44d90ce-column\">\n<div class=\"wp-block-stackable-column stk-block-column stk-column stk-block stk-71baaff\" data-v=\"4\" data-block-id=\"71baaff\"><div class=\"stk-column-wrapper stk-block-column__content stk-container stk-71baaff-container stk--no-background stk--no-padding\"><div class=\"stk-block-content stk-inner-blocks stk-71baaff-inner-blocks\">\n<figure class=\"wp-block-gallery has-nested-images columns-4 is-cropped wp-block-gallery-2 is-layout-flex wp-block-gallery-is-layout-flex\">\n<figure class=\"wp-block-image size-large\"><img loading=\"lazy\" decoding=\"async\" width=\"682\" height=\"1024\" data-id=\"1430\" src=\"https:\/\/tabrett.ch\/wp-content\/uploads\/2025\/10\/DSC05173_crop-682x1024.jpg\" alt=\"\" class=\"wp-image-1430\" srcset=\"https:\/\/tabrett.ch\/wp-content\/uploads\/2025\/10\/DSC05173_crop-682x1024.jpg 682w, https:\/\/tabrett.ch\/wp-content\/uploads\/2025\/10\/DSC05173_crop-200x300.jpg 200w, https:\/\/tabrett.ch\/wp-content\/uploads\/2025\/10\/DSC05173_crop-768x1153.jpg 768w, https:\/\/tabrett.ch\/wp-content\/uploads\/2025\/10\/DSC05173_crop-1024x1536.jpg 1024w, https:\/\/tabrett.ch\/wp-content\/uploads\/2025\/10\/DSC05173_crop-1365x2048.jpg 1365w, https:\/\/tabrett.ch\/wp-content\/uploads\/2025\/10\/DSC05173_crop-8x12.jpg 8w, https:\/\/tabrett.ch\/wp-content\/uploads\/2025\/10\/DSC05173_crop.jpg 1520w\" sizes=\"auto, (max-width: 682px) 100vw, 682px\" \/><\/figure>\n\n\n\n<figure class=\"wp-block-image size-large\"><img loading=\"lazy\" decoding=\"async\" width=\"683\" height=\"1024\" data-id=\"1433\" src=\"https:\/\/tabrett.ch\/wp-content\/uploads\/2025\/10\/DSC05180_crop-683x1024.jpg\" alt=\"\" class=\"wp-image-1433\" srcset=\"https:\/\/tabrett.ch\/wp-content\/uploads\/2025\/10\/DSC05180_crop-683x1024.jpg 683w, https:\/\/tabrett.ch\/wp-content\/uploads\/2025\/10\/DSC05180_crop-200x300.jpg 200w, https:\/\/tabrett.ch\/wp-content\/uploads\/2025\/10\/DSC05180_crop-768x1152.jpg 768w, https:\/\/tabrett.ch\/wp-content\/uploads\/2025\/10\/DSC05180_crop-1024x1536.jpg 1024w, https:\/\/tabrett.ch\/wp-content\/uploads\/2025\/10\/DSC05180_crop-1365x2048.jpg 1365w, https:\/\/tabrett.ch\/wp-content\/uploads\/2025\/10\/DSC05180_crop-8x12.jpg 8w, https:\/\/tabrett.ch\/wp-content\/uploads\/2025\/10\/DSC05180_crop-scaled.jpg 1706w\" sizes=\"auto, (max-width: 683px) 100vw, 683px\" \/><\/figure>\n\n\n\n<figure class=\"wp-block-image size-large\"><img loading=\"lazy\" decoding=\"async\" width=\"683\" height=\"1024\" data-id=\"1460\" src=\"https:\/\/tabrett.ch\/wp-content\/uploads\/2025\/10\/DSC05179_crop-1-683x1024.jpg\" alt=\"\" class=\"wp-image-1460\" title=\"yxcyc\" srcset=\"https:\/\/tabrett.ch\/wp-content\/uploads\/2025\/10\/DSC05179_crop-1-683x1024.jpg 683w, https:\/\/tabrett.ch\/wp-content\/uploads\/2025\/10\/DSC05179_crop-1-200x300.jpg 200w, https:\/\/tabrett.ch\/wp-content\/uploads\/2025\/10\/DSC05179_crop-1-768x1152.jpg 768w, https:\/\/tabrett.ch\/wp-content\/uploads\/2025\/10\/DSC05179_crop-1-1024x1536.jpg 1024w, https:\/\/tabrett.ch\/wp-content\/uploads\/2025\/10\/DSC05179_crop-1-1365x2048.jpg 1365w, https:\/\/tabrett.ch\/wp-content\/uploads\/2025\/10\/DSC05179_crop-1-8x12.jpg 8w, https:\/\/tabrett.ch\/wp-content\/uploads\/2025\/10\/DSC05179_crop-1.jpg 1632w\" sizes=\"auto, (max-width: 683px) 100vw, 683px\" \/><\/figure>\n\n\n\n<figure class=\"wp-block-image size-large has-custom-border\"><img loading=\"lazy\" decoding=\"async\" width=\"683\" height=\"1024\" data-id=\"1459\" src=\"https:\/\/tabrett.ch\/wp-content\/uploads\/2025\/10\/DSC05132_crop-683x1024.jpg\" alt=\"\" class=\"wp-image-1459\" style=\"border-width:1px\" srcset=\"https:\/\/tabrett.ch\/wp-content\/uploads\/2025\/10\/DSC05132_crop-683x1024.jpg 683w, https:\/\/tabrett.ch\/wp-content\/uploads\/2025\/10\/DSC05132_crop-200x300.jpg 200w, https:\/\/tabrett.ch\/wp-content\/uploads\/2025\/10\/DSC05132_crop-768x1152.jpg 768w, https:\/\/tabrett.ch\/wp-content\/uploads\/2025\/10\/DSC05132_crop-1024x1536.jpg 1024w, https:\/\/tabrett.ch\/wp-content\/uploads\/2025\/10\/DSC05132_crop-1365x2048.jpg 1365w, https:\/\/tabrett.ch\/wp-content\/uploads\/2025\/10\/DSC05132_crop-8x12.jpg 8w, https:\/\/tabrett.ch\/wp-content\/uploads\/2025\/10\/DSC05132_crop-scaled.jpg 1706w\" sizes=\"auto, (max-width: 683px) 100vw, 683px\" \/><\/figure>\n\n\n\n<figure class=\"wp-block-image size-large\"><img loading=\"lazy\" decoding=\"async\" width=\"683\" height=\"1024\" data-id=\"1461\" src=\"https:\/\/tabrett.ch\/wp-content\/uploads\/2025\/10\/DSC05174_crop-683x1024.jpg\" alt=\"\" class=\"wp-image-1461\" srcset=\"https:\/\/tabrett.ch\/wp-content\/uploads\/2025\/10\/DSC05174_crop-683x1024.jpg 683w, https:\/\/tabrett.ch\/wp-content\/uploads\/2025\/10\/DSC05174_crop-200x300.jpg 200w, https:\/\/tabrett.ch\/wp-content\/uploads\/2025\/10\/DSC05174_crop-768x1152.jpg 768w, https:\/\/tabrett.ch\/wp-content\/uploads\/2025\/10\/DSC05174_crop-1024x1536.jpg 1024w, https:\/\/tabrett.ch\/wp-content\/uploads\/2025\/10\/DSC05174_crop-1365x2048.jpg 1365w, https:\/\/tabrett.ch\/wp-content\/uploads\/2025\/10\/DSC05174_crop-8x12.jpg 8w, https:\/\/tabrett.ch\/wp-content\/uploads\/2025\/10\/DSC05174_crop-scaled.jpg 1707w\" sizes=\"auto, (max-width: 683px) 100vw, 683px\" \/><\/figure>\n\n\n\n<figure class=\"wp-block-image size-large\"><img loading=\"lazy\" decoding=\"async\" width=\"683\" height=\"1024\" data-id=\"1314\" src=\"https:\/\/tabrett.ch\/wp-content\/uploads\/2025\/07\/DSC05507-683x1024.jpg\" alt=\"\" class=\"wp-image-1314\" srcset=\"https:\/\/tabrett.ch\/wp-content\/uploads\/2025\/07\/DSC05507-683x1024.jpg 683w, https:\/\/tabrett.ch\/wp-content\/uploads\/2025\/07\/DSC05507-200x300.jpg 200w, https:\/\/tabrett.ch\/wp-content\/uploads\/2025\/07\/DSC05507-768x1152.jpg 768w, https:\/\/tabrett.ch\/wp-content\/uploads\/2025\/07\/DSC05507-1024x1536.jpg 1024w, https:\/\/tabrett.ch\/wp-content\/uploads\/2025\/07\/DSC05507-1365x2048.jpg 1365w, https:\/\/tabrett.ch\/wp-content\/uploads\/2025\/07\/DSC05507-8x12.jpg 8w, https:\/\/tabrett.ch\/wp-content\/uploads\/2025\/07\/DSC05507-scaled.jpg 1707w\" sizes=\"auto, (max-width: 683px) 100vw, 683px\" \/><\/figure>\n\n\n\n<figure class=\"wp-block-image size-large\"><img loading=\"lazy\" decoding=\"async\" width=\"683\" height=\"1024\" data-id=\"1464\" src=\"https:\/\/tabrett.ch\/wp-content\/uploads\/2025\/10\/DSC03855_crop-683x1024.jpg\" alt=\"\" class=\"wp-image-1464\" srcset=\"https:\/\/tabrett.ch\/wp-content\/uploads\/2025\/10\/DSC03855_crop-683x1024.jpg 683w, https:\/\/tabrett.ch\/wp-content\/uploads\/2025\/10\/DSC03855_crop-200x300.jpg 200w, https:\/\/tabrett.ch\/wp-content\/uploads\/2025\/10\/DSC03855_crop-768x1152.jpg 768w, https:\/\/tabrett.ch\/wp-content\/uploads\/2025\/10\/DSC03855_crop-1024x1536.jpg 1024w, https:\/\/tabrett.ch\/wp-content\/uploads\/2025\/10\/DSC03855_crop-1365x2048.jpg 1365w, https:\/\/tabrett.ch\/wp-content\/uploads\/2025\/10\/DSC03855_crop-8x12.jpg 8w, https:\/\/tabrett.ch\/wp-content\/uploads\/2025\/10\/DSC03855_crop-scaled.jpg 1707w\" sizes=\"auto, (max-width: 683px) 100vw, 683px\" \/><\/figure>\n\n\n\n<figure class=\"wp-block-image size-large\"><img loading=\"lazy\" decoding=\"async\" width=\"683\" height=\"1024\" data-id=\"1463\" src=\"https:\/\/tabrett.ch\/wp-content\/uploads\/2025\/10\/DSC03873_crop-683x1024.jpg\" alt=\"\" class=\"wp-image-1463\" srcset=\"https:\/\/tabrett.ch\/wp-content\/uploads\/2025\/10\/DSC03873_crop-683x1024.jpg 683w, https:\/\/tabrett.ch\/wp-content\/uploads\/2025\/10\/DSC03873_crop-200x300.jpg 200w, https:\/\/tabrett.ch\/wp-content\/uploads\/2025\/10\/DSC03873_crop-768x1152.jpg 768w, https:\/\/tabrett.ch\/wp-content\/uploads\/2025\/10\/DSC03873_crop-1024x1536.jpg 1024w, https:\/\/tabrett.ch\/wp-content\/uploads\/2025\/10\/DSC03873_crop-1365x2048.jpg 1365w, https:\/\/tabrett.ch\/wp-content\/uploads\/2025\/10\/DSC03873_crop-8x12.jpg 8w, https:\/\/tabrett.ch\/wp-content\/uploads\/2025\/10\/DSC03873_crop-scaled.jpg 1706w\" sizes=\"auto, (max-width: 683px) 100vw, 683px\" \/><\/figure>\n<\/figure>\n<\/div><\/div><\/div>\n<\/div><\/div>\n\n\n\n<p>Bitte benutze unser <a href=\"https:\/\/tabrett.ch\/de\/contact-form-tabrett-ch\/\">Kontakt Formular<\/a> um eine Bestellung aufzugeben oder um eine Frage zu stellen.<\/p>\n\n\n\n<p><\/p>\n\n\n\n<p><\/p>","protected":false},"excerpt":{"rendered":"<p>This floor stand allows you to use your laptop comfortably out of a sitting, reclining, or even lying position: in an armchair, a bed, a bathtub, or on the sofa. The stand can also be used for ultra-large tablets such as the Samsung Galaxy Tab 10 Ultra. The integrated side table allows you to place [&hellip;]<\/p>","protected":false},"author":1,"featured_media":0,"parent":0,"menu_order":0,"comment_status":"closed","ping_status":"closed","template":"","meta":{"footnotes":""},"class_list":["post-612","page","type-page","status-publish","hentry"],"blocksy_meta":[],"_links":{"self":[{"href":"https:\/\/tabrett.ch\/de\/wp-json\/wp\/v2\/pages\/612","targetHints":{"allow":["GET"]}}],"collection":[{"href":"https:\/\/tabrett.ch\/de\/wp-json\/wp\/v2\/pages"}],"about":[{"href":"https:\/\/tabrett.ch\/de\/wp-json\/wp\/v2\/types\/page"}],"author":[{"embeddable":true,"href":"https:\/\/tabrett.ch\/de\/wp-json\/wp\/v2\/users\/1"}],"replies":[{"embeddable":true,"href":"https:\/\/tabrett.ch\/de\/wp-json\/wp\/v2\/comments?post=612"}],"version-history":[{"count":59,"href":"https:\/\/tabrett.ch\/de\/wp-json\/wp\/v2\/pages\/612\/revisions"}],"predecessor-version":[{"id":1723,"href":"https:\/\/tabrett.ch\/de\/wp-json\/wp\/v2\/pages\/612\/revisions\/1723"}],"wp:attachment":[{"href":"https:\/\/tabrett.ch\/de\/wp-json\/wp\/v2\/media?parent=612"}],"curies":[{"name":"wp","href":"https:\/\/api.w.org\/{rel}","templated":true}]}}